{"id":17,"date":"2012-12-24T02:58:28","date_gmt":"2012-12-24T02:58:28","guid":{"rendered":"http:\/\/shabushabu-stuttgart.de\/?page_id=17"},"modified":"2023-08-20T16:11:54","modified_gmt":"2023-08-20T16:11:54","slug":"uber-uns","status":"publish","type":"page","link":"http:\/\/shabushabu-stuttgart.de\/?page_id=17","title":{"rendered":"\u00dcber uns"},"content":{"rendered":"<h1>Wir sind&#8230;<\/h1>\n<div class=\"column3x2\"><h3>Deutsch<\/h3>\n<p>Shabu Shabu ist eines der \u00e4ltesten etablierten Restaurants in Stuttgart, das authentische nord-chinesische und koreanische Spezialit\u00e4ten anbietet. Das wichtigste Merkmal gegen\u00fcber den \u00fcbrigen China Restaurants in Deutschland ist, dass wir die Originalzutaten und den Originalgeschmack beibehalten. Wir verwenden ausschlie\u00dflich die Zutaten, die gleich denen in der Heimat, am Frischesten und von der besten Qualit\u00e4t sind. Wir laden auch nur die erstklassigen K\u00f6che aus der Heimat ein, um zu kochen. Sie kommen aus der Grenzstadt Dandong in Nordchina. Der weltber\u00fchmte chinesische Feuertopf (Shabu Shabu) und die BBQ-Grillplatte sind nat\u00fcrlich auch im Angebot. Die Essensumgebung ist hier sauber und elegant, die Bedienung ist herzlich und umsichtig. Wir freuen uns sehr auf Ihren Besuch. Sie werden sich verlieben in SHABU SHABU.<br \/><\/div><div class=\"column3x1 last\"><h3>Chinesisch<\/h3><br \/>\u7f8e\u98df\u7f8e\u523b\uff02SHABU SHABU\u662f\u65af\u56fe\u52a0\u7279\u552f\u4e00\u4e00\u5bb6\u7ecf\u8425\u4e2d\u56fd\u6b63\u5b97\u5317\u65b9\u83dc\u7684\u9910\u9986\uff0c\u8fd9\u91cc\u5c31\u9910\u73af\u5883\u5e72\u51c0\u4f18\u96c5\uff0c\u670d\u52a1\u70ed\u60c5\u5468\u5230\uff0c\u70f9\u5236\u7684\u83dc\u80b4\u6709\u522b\u4e8e\u5fb7\u56fd\u5176\u5b83\u4e2d\u9910\u9986\uff0c\u6211\u4eec\u6ce8\u91cd\u4e2d\u56fd\u5317\u65b9\u83dc\u7684\u539f\u6c41\u539f\u5473\uff0c\u6c38\u8fdc\u91c7\u8d2d\u6700\u65b0\u9c9c\u7684\u98df\u6750\uff0c\u53a8\u5e08\u6765\u81ea\u4e2d\u56fd\u5317\u65b9\u8fb9\u5883\u57ce\u5e02\u4e39\u4e1c\uff0c\u90a3\u91cc\u540c\u65f6\u5c45\u4f4f\u7740\u5f88\u671d\u9c9c\u65cf\u5c45\u6c11\uff0c\u6240\u4ee5\u5f53\u5730\u7684\u996e\u98df\u6587\u5316\u540c\u65f6\u517c\u5bb9\u671d\u9c9c\u65cf\u7684\u996e\u98df\u4e60\u60ef\uff0c\u6211\u4eec\u8fd8\u4e3a\u60a8\u63d0\u4f9b\u95fb\u540d\u4e16\u754c\u7684\u4e2d\u56fd\u706b\u9505\u548c\u70e7\u70e4\u3002\u56e0\u6b64\uff0c\uff02\u7f8e\u98df\u7f8e\u523b\uff02\u5373\u80fd\u7ed9\u60a8\u70f9\u8c03\u6b63\u5b97\u7684\u4e2d\u56fd\u5317\u65b9\u83dc\u80b4\uff0c\u540c\u65f6\u8fd8\u53ef\u4ee5\u6599\u7406\u5178\u578b\u7684\u671d\u9c9c\u98ce\u5473\u83dc\uff0c\u4f7f\u60a8\u771f\u6b63\u53ef\u4ee5\u54c1\u5c1d\u5230\u6765\u81ea\u4e2d\u56fd\u5317\u65b9\u7684\u7f8e\u98df\u3002\u6211\u4eec\u8877\u5fc3\u6b22\u8fce\u60a8\u7684\u5230\u6765\uff0c\u76f8\u4fe1\u60a8\u4e00\u5b9a\u4f1a\u8bb0\u4f4f\uff02\u7f8e\u98df\u7f8e\u523b<br \/><\/div><\/p>\n\n\n<p><\/p>\n","protected":false},"excerpt":{"rendered":"<p>Wir sind&#8230;<\/p>\n","protected":false},"author":2,"featured_media":0,"parent":0,"menu_order":0,"comment_status":"open","ping_status":"closed","template":"","meta":{"footnotes":""},"class_list":["post-17","page","type-page","status-publish","hentry"],"_links":{"self":[{"href":"http:\/\/shabushabu-stuttgart.de\/index.php?rest_route=\/wp\/v2\/pages\/17","targetHints":{"allow":["GET"]}}],"collection":[{"href":"http:\/\/shabushabu-stuttgart.de\/index.php?rest_route=\/wp\/v2\/pages"}],"about":[{"href":"http:\/\/shabushabu-stuttgart.de\/index.php?rest_route=\/wp\/v2\/types\/page"}],"author":[{"embeddable":true,"href":"http:\/\/shabushabu-stuttgart.de\/index.php?rest_route=\/wp\/v2\/users\/2"}],"replies":[{"embeddable":true,"href":"http:\/\/shabushabu-stuttgart.de\/index.php?rest_route=%2Fwp%2Fv2%2Fcomments&post=17"}],"version-history":[{"count":13,"href":"http:\/\/shabushabu-stuttgart.de\/index.php?rest_route=\/wp\/v2\/pages\/17\/revisions"}],"predecessor-version":[{"id":440,"href":"http:\/\/shabushabu-stuttgart.de\/index.php?rest_route=\/wp\/v2\/pages\/17\/revisions\/440"}],"wp:attachment":[{"href":"http:\/\/shabushabu-stuttgart.de\/index.php?rest_route=%2Fwp%2Fv2%2Fmedia&parent=17"}],"curies":[{"name":"wp","href":"https:\/\/api.w.org\/{rel}","templated":true}]}}