{"id":347,"date":"2020-11-05T11:07:55","date_gmt":"2020-11-05T11:07:55","guid":{"rendered":"http:\/\/shabushabu-stuttgart.de\/?page_id=347"},"modified":"2023-08-20T16:10:49","modified_gmt":"2023-08-20T16:10:49","slug":"shabu-shabu-informiert","status":"publish","type":"page","link":"http:\/\/shabushabu-stuttgart.de\/?page_id=347","title":{"rendered":"Shabu Shabu &#8211; \u00d6ffnungszeiten!"},"content":{"rendered":"\n<p><strong>Liebe G\u00e4ste!<\/strong><\/p>\n\n\n\n<p><strong>EC-Karten- \/ Debit-Kartenzahlungen (<u>keine<\/u> <u>Kreditkarten<\/u>) sind ab 10 \u20ac m\u00f6glich.<\/strong><\/p>\n\n\n\n<p><strong>Vielen Dank.<\/strong><\/p>\n\n\n\n<p><a><\/a><strong>Dear guests!<\/strong><\/p>\n\n\n\n<p><strong>EC-Cards \/ Debit card payments (<u>no credit cards<\/u>) are possible from an amount of 10 \u20ac.<\/strong><\/p>\n\n\n\n<p><strong>Thank you.<\/strong><br><\/p>\n\n\n\n<p class=\"has-medium-font-size\">Unsere <strong>\u00d6ffnungszeiten<\/strong> sind:<br><br><strong>Montag &#8211; Donnerstag: 11:30 &#8211; 15:00 Uhr und 17:30 &#8211; 23:00 Uhr<br>Freitag: 17:30 &#8211; 23:00 Uhr<br>Samstag, Sonntag und Feiertage: 12:00 &#8211; 23:00 Uhr<br><\/strong><br><br>Wenn Sie unsere Speisen und Getr\u00e4nke geliefert bekommen m\u00f6chten, ist dies \u00fcber unsere Partner <strong>Lieferando, UberEats und Wolt<\/strong> m\u00f6glich.<\/p>\n\n\n\n<p class=\"has-medium-font-size\">Online \u00fcber unseren Partner <strong>Lieferando<\/strong> bestellen und liefern lassen:<br><a href=\"https:\/\/www.lieferando.de\/shabu-shabu-1\">https:\/\/www.lieferando.de\/shabu-shabu-1<\/a><br><br>Online \u00fcber unseren Partner <strong>UberEats<\/strong> bestellen und liefern lassen:<br><a href=\"https:\/\/www.ubereats.com\/de\/store\/shabu-shabu\/pPPE1LVgV36f01s6YGhdMw?diningMode=DELIVERY\">https:\/\/www.ubereats.com\/de\/store\/shabu-shabu\/pPPE1LVgV36f01s6YGhdMw?diningMode=DELIVERY<\/a><br><br>Online \u00fcber unseren Partner <strong>Wolt<\/strong> bestellen und liefern lassen:<br><a href=\"https:\/\/wolt.com\/de\/deu\/stuttgart\/restaurant\/shabu-shabu\">https:\/\/wolt.com\/de\/deu\/stuttgart\/restaurant\/shabu-shabu<\/a><a href=\"https:\/\/www.doordash.com\/de-DE\/store\/shabu-shabu-stuttgart-2423189\/\n\"><br><\/a><br><br>Wir w\u00fcnschen Ihnen einen guten Appetit und freuen uns auf ein baldiges Wiedersehen!<br><br>Ihr Shabu Shabu Team<\/p>\n","protected":false},"excerpt":{"rendered":"<p>Liebe G\u00e4ste! EC-Karten- \/ Debit-Kartenzahlungen (keine Kreditkarten) sind ab 10 \u20ac m\u00f6glich. Vielen Dank. Dear guests! EC-Cards \/ Debit card payments (no credit cards) are possible from an amount of 10 \u20ac. Thank you. Unsere \u00d6ffnungszeiten sind: Montag &#8211; Donnerstag: 11:30 &#8211; 15:00 Uhr und 17:30 &#8211; 23:00 UhrFreitag: 17:30 &#8211; 23:00 UhrSamstag, Sonntag und [&hellip;]<\/p>\n","protected":false},"author":2,"featured_media":0,"parent":0,"menu_order":0,"comment_status":"closed","ping_status":"closed","template":"","meta":{"footnotes":""},"class_list":["post-347","page","type-page","status-publish","hentry"],"_links":{"self":[{"href":"http:\/\/shabushabu-stuttgart.de\/index.php?rest_route=\/wp\/v2\/pages\/347","targetHints":{"allow":["GET"]}}],"collection":[{"href":"http:\/\/shabushabu-stuttgart.de\/index.php?rest_route=\/wp\/v2\/pages"}],"about":[{"href":"http:\/\/shabushabu-stuttgart.de\/index.php?rest_route=\/wp\/v2\/types\/page"}],"author":[{"embeddable":true,"href":"http:\/\/shabushabu-stuttgart.de\/index.php?rest_route=\/wp\/v2\/users\/2"}],"replies":[{"embeddable":true,"href":"http:\/\/shabushabu-stuttgart.de\/index.php?rest_route=%2Fwp%2Fv2%2Fcomments&post=347"}],"version-history":[{"count":39,"href":"http:\/\/shabushabu-stuttgart.de\/index.php?rest_route=\/wp\/v2\/pages\/347\/revisions"}],"predecessor-version":[{"id":587,"href":"http:\/\/shabushabu-stuttgart.de\/index.php?rest_route=\/wp\/v2\/pages\/347\/revisions\/587"}],"wp:attachment":[{"href":"http:\/\/shabushabu-stuttgart.de\/index.php?rest_route=%2Fwp%2Fv2%2Fmedia&parent=347"}],"curies":[{"name":"wp","href":"https:\/\/api.w.org\/{rel}","templated":true}]}}